{"id":12,"date":"2009-06-08T11:55:07","date_gmt":"2009-06-08T09:55:07","guid":{"rendered":"http:\/\/la.sv-dodenhausen.de\/?page_id=12"},"modified":"2015-07-04T19:40:07","modified_gmt":"2015-07-04T17:40:07","slug":"ralf-paulus","status":"publish","type":"page","link":"https:\/\/la.sv-dodenhausen.de\/?page_id=12","title":{"rendered":"Ralf Paulus"},"content":{"rendered":"<p><a class=\"ngg-fancybox\" title=\"Ralf Paulus\" href=\"http:\/\/la.sv-dodenhausen.de\/wp-content\/gallery\/portrats\/portrat_paulus_ralf.jpg\" rel=\"\" data-image-id=\"60\" data-src=\"http:\/\/la.sv-dodenhausen.de\/wp-content\/gallery\/portrats\/portrat_paulus_ralf.jpg\" data-thumbnail=\"http:\/\/la.sv-dodenhausen.de\/wp-content\/gallery\/portrats\/thumbs\/thumbs_portrat_paulus_ralf.jpg\" data-title=\"Ralf Paulus\" data-description=\"Ralf Paulus\"><img decoding=\"async\" class=\"ngg-singlepic ngg-none\" src=\"http:\/\/la.sv-dodenhausen.de\/wp-content\/gallery\/portrats\/thumbs\/thumbs_portrat_paulus_ralf.jpg\" alt=\"Ralf Paulus\" \/><\/a><\/p>\n\n<table id=\"tablepress-2\" class=\"tablepress tablepress-id-2\">\n<tbody>\n<tr class=\"row-1 odd\">\n\t<td class=\"column-1\">Name:<\/td><td class=\"column-2\">Ralf Paulus<\/td>\n<\/tr>\n<tr class=\"row-2 even\">\n\t<td class=\"column-1\">Geburtsdatum:<\/td><td class=\"column-2\">13.06.1968<\/td>\n<\/tr>\n<tr class=\"row-3 odd\">\n\t<td class=\"column-1\">Gr\u00f6\u00dfte Erfolge:<\/td><td class=\"column-2\">Nordhessenmeister im 10 Km Stra\u00dfenlauf der M35 am 25.03.2007 <br> Hessischer Seniorenmeister mit der Mannschaft der M35 im Marathon in 2007 <br> 4. Platz Deutsche Marathonmeisterschaften mit der M40 Mannschaft, 04.05.2008 <br> 4. Platz Hessische Marathonmeisterschaften mit der M40 Mannschaft, 26.10.2008 <br> 2. Platz Nordhessische Crossmeisterschaften mit der M40 Mannschaft, 14.02.2009 <br>2. Platz Hessische Halbmarathonmeisterschaften mit der Mannschaft der M40\/45, 30.05.2010<br>3. Platz Deutsche Halbmarathonmeisterschaften mit der Mannschaft der M40\/45, 17.04.2011<br \/>\n3. Platz Hessische Halbmarathonmeisterschaften mit der Mannschaft (Horst Wiegand, Ralf Paulus und Michael J\u00e4ger) der M40\/45 im Halbmarathon am 04.09.2011<br \/>\n1. Platz Deutsche Marathonmeisterschaften mit der M50\/55 (Uwe Ahlheid, Ralf Paulus und Gert Bayer) am  28.04.2019<\/td>\n<\/tr>\n<tr class=\"row-4 even\">\n\t<td class=\"column-1\">Sch\u00f6nster Wettkampf:<\/td><td class=\"column-2\">07. Oktober 2007 K\u00f6ln Marathon, ich konnte die Stimmung super genie\u00dfen und der Lauf war wie die Zeit einfach Spitze.<br \/>\n28. April 2019 D\u00fcsseldorf Marathon, nach Fu\u00dfbruch im Winter mit nur 2 monatiger Vorbereitung \u00fcberraschend mit der Mannschaft zur Deutschen Meisterschaft gelaufen. Ein herrlicher Erfolg!<\/td>\n<\/tr>\n<tr class=\"row-5 odd\">\n\t<td class=\"column-1\">Schlechtester Wettkampf:<\/td><td class=\"column-2\">04.Mai 2008 Mainz Marathon, totaler Einbruch, musste im Ziel zum Roten Kreuz auf die Liege.<\/td>\n<\/tr>\n<tr class=\"row-6 even\">\n\t<td class=\"column-1\">Schlimmste Verletzung:<\/td><td class=\"column-2\">Fr\u00fchjahr 2008 Bandscheibenvorfall. Hat mich total aus der Bahn geworfen.<\/td>\n<\/tr>\n<tr class=\"row-7 odd\">\n\t<td class=\"column-1\">Hobbys:<\/td><td class=\"column-2\">Familie, Laufen, Damwild, Schwimmen, Fahrrad fahren, Heimwerken, Feuerwehr, Nikolaus uvm.<\/td>\n<\/tr>\n<\/tbody>\n<\/table>\n\n","protected":false},"excerpt":{"rendered":"","protected":false},"author":1,"featured_media":0,"parent":8,"menu_order":0,"comment_status":"closed","ping_status":"closed","template":"","meta":{"ngg_post_thumbnail":0,"footnotes":""},"_links":{"self":[{"href":"https:\/\/la.sv-dodenhausen.de\/index.php?rest_route=\/wp\/v2\/pages\/12"}],"collection":[{"href":"https:\/\/la.sv-dodenhausen.de\/index.php?rest_route=\/wp\/v2\/pages"}],"about":[{"href":"https:\/\/la.sv-dodenhausen.de\/index.php?rest_route=\/wp\/v2\/types\/page"}],"author":[{"embeddable":true,"href":"https:\/\/la.sv-dodenhausen.de\/index.php?rest_route=\/wp\/v2\/users\/1"}],"replies":[{"embeddable":true,"href":"https:\/\/la.sv-dodenhausen.de\/index.php?rest_route=%2Fwp%2Fv2%2Fcomments&post=12"}],"version-history":[{"count":0,"href":"https:\/\/la.sv-dodenhausen.de\/index.php?rest_route=\/wp\/v2\/pages\/12\/revisions"}],"up":[{"embeddable":true,"href":"https:\/\/la.sv-dodenhausen.de\/index.php?rest_route=\/wp\/v2\/pages\/8"}],"wp:attachment":[{"href":"https:\/\/la.sv-dodenhausen.de\/index.php?rest_route=%2Fwp%2Fv2%2Fmedia&parent=12"}],"curies":[{"name":"wp","href":"https:\/\/api.w.org\/{rel}","templated":true}]}}