{"id":180,"date":"2009-06-24T11:24:41","date_gmt":"2009-06-24T09:24:41","guid":{"rendered":"http:\/\/la.sv-dodenhausen.de\/?page_id=180"},"modified":"2015-07-04T19:41:11","modified_gmt":"2015-07-04T17:41:11","slug":"heinrich-ochs","status":"publish","type":"page","link":"https:\/\/la.sv-dodenhausen.de\/?page_id=180","title":{"rendered":"Walter Kohl"},"content":{"rendered":"<p><a class=\"ngg-fancybox\" title=\"Walter Kohl\" href=\"http:\/\/la.sv-dodenhausen.de\/wp-content\/gallery\/portrats\/portrat_kohl_walter.jpg\" rel=\"\" data-image-id=\"609\" data-src=\"http:\/\/la.sv-dodenhausen.de\/wp-content\/gallery\/portrats\/portrat_kohl_walter.jpg\" data-thumbnail=\"http:\/\/la.sv-dodenhausen.de\/wp-content\/gallery\/portrats\/thumbs\/thumbs_portrat_kohl_walter.jpg\" data-title=\"Walter Kohl\" data-description=\"Walter Kohl\"><img decoding=\"async\" class=\"ngg-singlepic ngg-none\" src=\"http:\/\/la.sv-dodenhausen.de\/wp-content\/gallery\/portrats\/thumbs\/thumbs_portrat_kohl_walter.jpg\" alt=\"Walter Kohl\" \/><\/a><\/p>\n\n<table id=\"tablepress-176\" class=\"tablepress tablepress-id-176\">\n<tbody>\n<tr class=\"row-1 odd\">\n\t<td class=\"column-1\">Name:<\/td><td class=\"column-2\">Walter Kohl<\/td>\n<\/tr>\n<tr class=\"row-2 even\">\n\t<td class=\"column-1\">Geburtsdatum:<\/td><td class=\"column-2\">21.02.1957<\/td>\n<\/tr>\n<tr class=\"row-3 odd\">\n\t<td class=\"column-1\">Gr\u00f6\u00dfte Erfolge:<\/td><td class=\"column-2\">Deutscher Marathon-Mannschaftsmeister M 45 M\u00fcnchen 2006<br>Hess. Halbmarathon-Mannschaftsmeister M50 Bebra 2007<\/td>\n<\/tr>\n<tr class=\"row-4 even\">\n\t<td class=\"column-1\">Sch\u00f6nster Wettkampf:<\/td><td class=\"column-2\">Viele L\u00e4ufe, auch die nicht wettkampfm\u00e4\u00dfigen, haben ihre besondere Geschichte getreu dem Motto: \" Laufen verbindet\"<br>Correre il maratona del Lago di Garda mi ha piacuto molto: Limone -Riva-Arco-Torbole-Malcesine am 28.09.2008.<\/td>\n<\/tr>\n<tr class=\"row-5 odd\">\n\t<td class=\"column-1\">Schlechtester Wettkampf:<\/td><td class=\"column-2\">da gibt es einige und sie geh\u00f6ren einfach dazu: z.B. der Marathon in Frankfurt 2001 war eine einzige Katastrophe (Muskelkr\u00e4mpfe,\u2026). Dank der Motivation von Anita K. bei Km 36 und ehrenamtl. Helfern bei km 41 fand auch dieser Lauf noch sein Happy End.<\/td>\n<\/tr>\n<tr class=\"row-6 even\">\n\t<td class=\"column-1\">Schlimmste Verletzung:<\/td><td class=\"column-2\">Schultereckgelenk 1986, orthop\u00e4d. Probleme<\/td>\n<\/tr>\n<tr class=\"row-7 odd\">\n\t<td class=\"column-1\">Hobbys:<\/td><td class=\"column-2\">div. Aktivit\u00e4ten f\u00fcr K\u00f6rper und Geist<\/td>\n<\/tr>\n<\/tbody>\n<\/table>\n<!-- #tablepress-176 from cache -->\n","protected":false},"excerpt":{"rendered":"","protected":false},"author":1,"featured_media":0,"parent":8,"menu_order":0,"comment_status":"closed","ping_status":"closed","template":"","meta":{"ngg_post_thumbnail":0,"footnotes":""},"_links":{"self":[{"href":"https:\/\/la.sv-dodenhausen.de\/index.php?rest_route=\/wp\/v2\/pages\/180"}],"collection":[{"href":"https:\/\/la.sv-dodenhausen.de\/index.php?rest_route=\/wp\/v2\/pages"}],"about":[{"href":"https:\/\/la.sv-dodenhausen.de\/index.php?rest_route=\/wp\/v2\/types\/page"}],"author":[{"embeddable":true,"href":"https:\/\/la.sv-dodenhausen.de\/index.php?rest_route=\/wp\/v2\/users\/1"}],"replies":[{"embeddable":true,"href":"https:\/\/la.sv-dodenhausen.de\/index.php?rest_route=%2Fwp%2Fv2%2Fcomments&post=180"}],"version-history":[{"count":0,"href":"https:\/\/la.sv-dodenhausen.de\/index.php?rest_route=\/wp\/v2\/pages\/180\/revisions"}],"up":[{"embeddable":true,"href":"https:\/\/la.sv-dodenhausen.de\/index.php?rest_route=\/wp\/v2\/pages\/8"}],"wp:attachment":[{"href":"https:\/\/la.sv-dodenhausen.de\/index.php?rest_route=%2Fwp%2Fv2%2Fmedia&parent=180"}],"curies":[{"name":"wp","href":"https:\/\/api.w.org\/{rel}","templated":true}]}}