{"id":20,"date":"2009-06-08T12:25:55","date_gmt":"2009-06-08T10:25:55","guid":{"rendered":"http:\/\/la.sv-dodenhausen.de\/?page_id=20"},"modified":"2026-03-18T22:16:55","modified_gmt":"2026-03-18T20:16:55","slug":"3-berge-lauf","status":"publish","type":"page","link":"https:\/\/la.sv-dodenhausen.de\/?page_id=20","title":{"rendered":"3-Berge-Lauf"},"content":{"rendered":"<p>Liebe Laufsportfreunde,<\/p>\n<p>die Planungen zum 22. 3-Berge-Lauf rund um Dodenhausen sind schon voll im Gange. Wir freuen uns, auch in 2026 wieder viele Laufsportfreunde \u00fcber Hohes Lohr &#8211; Jeust und W\u00fcstegarten schicken zu k\u00f6nnen. Wer alle 3 Berge l\u00e4uft hat im Ziel ca. 14 km Anstiege und \u00fcber 950 m H\u00f6hendifferenz bew\u00e4ltigt. Wir bieten aber auch wieder wie gewohnt die 13,7 km&nbsp; und 4,3 km Strecke an. Alle L\u00e4ufe sind Wertungsl\u00e4ufe f\u00fcr den Waldeck &#8211; Frankenberger &#8211; Laufcup.<\/p>\n<p>Das Motto unseres 3-Berge-Laufes soll auch weiter sein, von L\u00e4ufern f\u00fcr L\u00e4ufer. Wir besuchen viele Veranstaltungen und genie\u00dfen die Gastfreundschaft, davon m\u00f6chten wir am 11. April 2026&nbsp; allen etwas zur\u00fcckgeben.<\/p>\n<p>Alle 3 Berge zu durchlaufen stellt sicher eine gro\u00dfe Herausforderung an die Teilnehmer, wobei die herrliche Landschaft zu betrachten, sicher oft zu kurz kommt. Unser Prinzip wird auch weiter bleiben, dass sich jeder im Wettkampf messen kann oder aber die Veranstaltung als einen Erlebnislauf einfach zu genie\u00dfen, wo der Sieg nicht an erster Stelle steht.<\/p>\n<p>Unser Dank gilt schon heute der Vielzahl an Helfern, ohne die ein solcher Tag nicht zu bew\u00e4ltigen w\u00e4re.<\/p>\n<p>Wir w\u00fcnschen uns viele Teilnehmer, sch\u00f6nes Wetter und allen L\u00e4ufern eine gute Anreise nach Dodenhausen.<\/p>\n<p>Das Organisationsteam des<br \/>\nSV Dodenhausen<\/p>\n","protected":false},"excerpt":{"rendered":"<p>Liebe Laufsportfreunde, die Planungen zum 22. 3-Berge-Lauf rund um Dodenhausen sind schon voll im Gange. Wir freuen uns, auch in 2026 wieder viele Laufsportfreunde \u00fcber Hohes Lohr &#8211; Jeust und W\u00fcstegarten schicken zu k\u00f6nnen. Wer alle 3 Berge l\u00e4uft hat [&hellip;]<\/p>\n","protected":false},"author":1,"featured_media":0,"parent":0,"menu_order":0,"comment_status":"closed","ping_status":"closed","template":"","meta":{"ngg_post_thumbnail":0,"footnotes":""},"_links":{"self":[{"href":"https:\/\/la.sv-dodenhausen.de\/index.php?rest_route=\/wp\/v2\/pages\/20"}],"collection":[{"href":"https:\/\/la.sv-dodenhausen.de\/index.php?rest_route=\/wp\/v2\/pages"}],"about":[{"href":"https:\/\/la.sv-dodenhausen.de\/index.php?rest_route=\/wp\/v2\/types\/page"}],"author":[{"embeddable":true,"href":"https:\/\/la.sv-dodenhausen.de\/index.php?rest_route=\/wp\/v2\/users\/1"}],"replies":[{"embeddable":true,"href":"https:\/\/la.sv-dodenhausen.de\/index.php?rest_route=%2Fwp%2Fv2%2Fcomments&post=20"}],"version-history":[{"count":5,"href":"https:\/\/la.sv-dodenhausen.de\/index.php?rest_route=\/wp\/v2\/pages\/20\/revisions"}],"predecessor-version":[{"id":7850,"href":"https:\/\/la.sv-dodenhausen.de\/index.php?rest_route=\/wp\/v2\/pages\/20\/revisions\/7850"}],"wp:attachment":[{"href":"https:\/\/la.sv-dodenhausen.de\/index.php?rest_route=%2Fwp%2Fv2%2Fmedia&parent=20"}],"curies":[{"name":"wp","href":"https:\/\/api.w.org\/{rel}","templated":true}]}}