{"id":24,"date":"2009-06-08T12:26:46","date_gmt":"2009-06-08T10:26:46","guid":{"rendered":"http:\/\/la.sv-dodenhausen.de\/?page_id=24"},"modified":"2023-03-13T22:05:10","modified_gmt":"2023-03-13T20:05:10","slug":"strecke","status":"publish","type":"page","link":"https:\/\/la.sv-dodenhausen.de\/?page_id=24","title":{"rendered":"Strecken"},"content":{"rendered":"<p><strong>Strecke 4,3km:<\/strong><\/p>\n            \n\t\t<div class=\"ngg-gallery-singlepic-image \" style=\"max-width: 320px\">\n\t\t\t    \t<a href=\"https:\/\/la.sv-dodenhausen.de\/wp-content\/gallery\/strecken-dodenhausen\/strecke_dodenhausen_4_3.jpg\"\n\t\t     title=\"\"\n             data-src=\"https:\/\/la.sv-dodenhausen.de\/wp-content\/gallery\/strecken-dodenhausen\/strecke_dodenhausen_4_3.jpg\"\n             data-thumbnail=\"https:\/\/la.sv-dodenhausen.de\/wp-content\/gallery\/strecken-dodenhausen\/thumbs\/thumbs_strecke_dodenhausen_4_3.jpg\"\n             data-image-id=\"1\"\n             data-title=\"Strecke 4,3km\"\n             data-description=\"\"\n             target='_self'\n             class=\"ngg-fancybox\" rel=\"749c42669ece07778c3a26c3c869a85f\">\n            <img class=\"ngg-singlepic\"\n             src=\"https:\/\/la.sv-dodenhausen.de\/wp-content\/gallery\/strecken-dodenhausen\/cache\/strecke_dodenhausen_4_3-nggid011-ngg0dyn-320x240x100-00f0w010c010r110f110r010t010.jpg\"\n             alt=\"Strecke 4,3km\"\n             title=\"Strecke 4,3km\"\n              width=\"320\"               \/>\n    \t<\/a>\n\t\t      <\/div>\n        \n<p>H\u00f6henprofil:<\/p>\n            \n\t\t<div class=\"ngg-gallery-singlepic-image \" style=\"max-width: 320px\">\n\t\t\t    \t<a href=\"https:\/\/la.sv-dodenhausen.de\/wp-content\/gallery\/strecken-dodenhausen\/hoehenprofil_dodenhausen_4_3_0.jpg\"\n\t\t     title=\"H\u00f6henprofil Strecke 4,3km\"\n             data-src=\"https:\/\/la.sv-dodenhausen.de\/wp-content\/gallery\/strecken-dodenhausen\/hoehenprofil_dodenhausen_4_3_0.jpg\"\n             data-thumbnail=\"https:\/\/la.sv-dodenhausen.de\/wp-content\/gallery\/strecken-dodenhausen\/thumbs\/thumbs_hoehenprofil_dodenhausen_4_3_0.jpg\"\n             data-image-id=\"17\"\n             data-title=\"H\u00f6henprofil Strecke 4,3km\"\n             data-description=\"H\u00f6henprofil Strecke 4,3km\"\n             target='_self'\n             class=\"ngg-fancybox\" rel=\"23e92baa654ed8e5a7d94c86ccc2476b\">\n            <img class=\"ngg-singlepic\"\n             src=\"https:\/\/la.sv-dodenhausen.de\/wp-content\/gallery\/strecken-dodenhausen\/cache\/hoehenprofil_dodenhausen_4_3_0-nggid0217-ngg0dyn-320x240x100-00f0w010c010r110f110r010t010.jpg\"\n             alt=\"H\u00f6henprofil Strecke 4,3km\"\n             title=\"H\u00f6henprofil Strecke 4,3km\"\n              width=\"320\"               \/>\n    \t<\/a>\n\t\t      <\/div>\n        \n<p>Min: 368m<br \/>\nMax: 485m<br \/>\nAnstieg: 141m<br \/>\nAbfall: -141m<\/p>\n<p><strong>Strecke 13,7km:<\/strong><\/p>\n            \n\t\t<div class=\"ngg-gallery-singlepic-image \" style=\"max-width: 320px\">\n\t\t\t    \t<a href=\"https:\/\/la.sv-dodenhausen.de\/wp-content\/gallery\/strecken-dodenhausen\/strecke_dodenhausen_13_4.jpg\"\n\t\t     title=\"\"\n             data-src=\"https:\/\/la.sv-dodenhausen.de\/wp-content\/gallery\/strecken-dodenhausen\/strecke_dodenhausen_13_4.jpg\"\n             data-thumbnail=\"https:\/\/la.sv-dodenhausen.de\/wp-content\/gallery\/strecken-dodenhausen\/thumbs\/thumbs_strecke_dodenhausen_13_4.jpg\"\n             data-image-id=\"3\"\n             data-title=\"Strecke 13,7km\"\n             data-description=\"\"\n             target='_self'\n             class=\"ngg-fancybox\" rel=\"de1b81237117edf35b678a0e33bb4f05\">\n            <img class=\"ngg-singlepic\"\n             src=\"https:\/\/la.sv-dodenhausen.de\/wp-content\/gallery\/strecken-dodenhausen\/cache\/strecke_dodenhausen_13_4-nggid013-ngg0dyn-320x240x100-00f0w010c010r110f110r010t010.jpg\"\n             alt=\"Strecke 13,7km\"\n             title=\"Strecke 13,7km\"\n              width=\"320\"               \/>\n    \t<\/a>\n\t\t      <\/div>\n        \n<p>H\u00f6henprofil:<\/p>\n            \n\t\t<div class=\"ngg-gallery-singlepic-image \" style=\"max-width: 320px\">\n\t\t\t    \t<a href=\"https:\/\/la.sv-dodenhausen.de\/wp-content\/gallery\/strecken-dodenhausen\/hoehenprofil_dodenhausen_13_4_0.jpg\"\n\t\t     title=\"H\u00f6henprofil Strecke 13,7km\"\n             data-src=\"https:\/\/la.sv-dodenhausen.de\/wp-content\/gallery\/strecken-dodenhausen\/hoehenprofil_dodenhausen_13_4_0.jpg\"\n             data-thumbnail=\"https:\/\/la.sv-dodenhausen.de\/wp-content\/gallery\/strecken-dodenhausen\/thumbs\/thumbs_hoehenprofil_dodenhausen_13_4_0.jpg\"\n             data-image-id=\"18\"\n             data-title=\"H\u00f6henprofil Strecke 13,7km\"\n             data-description=\"H\u00f6henprofil Strecke 13,7km\"\n             target='_self'\n             class=\"ngg-fancybox\" rel=\"19a9b0982f711359e08db960ad2a8e0a\">\n            <img class=\"ngg-singlepic\"\n             src=\"https:\/\/la.sv-dodenhausen.de\/wp-content\/gallery\/strecken-dodenhausen\/cache\/hoehenprofil_dodenhausen_13_4_0-nggid0218-ngg0dyn-320x240x100-00f0w010c010r110f110r010t010.jpg\"\n             alt=\"H\u00f6henprofil Strecke 13,7km\"\n             title=\"H\u00f6henprofil Strecke 13,7km\"\n              width=\"320\"               \/>\n    \t<\/a>\n\t\t      <\/div>\n        \n<p>Min: 328m<br \/>\nMax: 610m<br \/>\nAnstieg: 408m<br \/>\nAbfall: -408m<\/p>\n<p><strong>Strecke 26,2km:<\/strong><\/p>\n            \n\t\t<div class=\"ngg-gallery-singlepic-image \" style=\"max-width: 320px\">\n\t\t\t    \t<a href=\"https:\/\/la.sv-dodenhausen.de\/wp-content\/gallery\/strecken-dodenhausen\/strecke_dodenhausen_26_2.jpg\"\n\t\t     title=\"\"\n             data-src=\"https:\/\/la.sv-dodenhausen.de\/wp-content\/gallery\/strecken-dodenhausen\/strecke_dodenhausen_26_2.jpg\"\n             data-thumbnail=\"https:\/\/la.sv-dodenhausen.de\/wp-content\/gallery\/strecken-dodenhausen\/thumbs\/thumbs_strecke_dodenhausen_26_2.jpg\"\n             data-image-id=\"5\"\n             data-title=\"Strecke 26,2km\"\n             data-description=\"\"\n             target='_self'\n             class=\"ngg-fancybox\" rel=\"4a2bcbbf1d4baa9a349a106fdbcaec0d\">\n            <img class=\"ngg-singlepic\"\n             src=\"https:\/\/la.sv-dodenhausen.de\/wp-content\/gallery\/strecken-dodenhausen\/cache\/strecke_dodenhausen_26_2-nggid015-ngg0dyn-320x240x100-00f0w010c010r110f110r010t010.jpg\"\n             alt=\"Strecke 26,2km\"\n             title=\"Strecke 26,2km\"\n              width=\"320\"               \/>\n    \t<\/a>\n\t\t      <\/div>\n        \n<p>H\u00f6henprofil:<\/p>\n            \n\t\t<div class=\"ngg-gallery-singlepic-image \" style=\"max-width: 320px\">\n\t\t\t    \t<a href=\"https:\/\/la.sv-dodenhausen.de\/wp-content\/gallery\/strecken-dodenhausen\/hoehenprofil_dodenhausen_26_2.jpg\"\n\t\t     title=\"H\u00f6henprofil Strecke 26,2km\"\n             data-src=\"https:\/\/la.sv-dodenhausen.de\/wp-content\/gallery\/strecken-dodenhausen\/hoehenprofil_dodenhausen_26_2.jpg\"\n             data-thumbnail=\"https:\/\/la.sv-dodenhausen.de\/wp-content\/gallery\/strecken-dodenhausen\/thumbs\/thumbs_hoehenprofil_dodenhausen_26_2.jpg\"\n             data-image-id=\"238\"\n             data-title=\"H\u00f6henprofil Strecke 26,2km\"\n             data-description=\"H\u00f6henprofil Strecke 26,2km\"\n             target='_self'\n             class=\"ngg-fancybox\" rel=\"8ce0d0570043bd93f78195c2c4ce8e5e\">\n            <img class=\"ngg-singlepic\"\n             src=\"https:\/\/la.sv-dodenhausen.de\/wp-content\/gallery\/strecken-dodenhausen\/cache\/hoehenprofil_dodenhausen_26_2-nggid03238-ngg0dyn-320x240x100-00f0w010c010r110f110r010t010.jpg\"\n             alt=\"H\u00f6henprofil Strecke 26,2km\"\n             title=\"H\u00f6henprofil Strecke 26,2km\"\n              width=\"320\"               \/>\n    \t<\/a>\n\t\t      <\/div>\n        \n<p>Min: 328m<br \/>\nMax: 673m<br \/>\nAnstieg: 937m<br \/>\nAbfall: -940m<\/p>\n","protected":false},"excerpt":{"rendered":"<p>Strecke 4,3km: H\u00f6henprofil: Min: 368m Max: 485m Anstieg: 141m Abfall: -141m Strecke 13,7km: H\u00f6henprofil: Min: 328m Max: 610m Anstieg: 408m Abfall: -408m Strecke 26,2km: H\u00f6henprofil: Min: 328m Max: 673m Anstieg: 937m Abfall: -940m<\/p>\n","protected":false},"author":1,"featured_media":0,"parent":20,"menu_order":2,"comment_status":"closed","ping_status":"closed","template":"","meta":{"ngg_post_thumbnail":0,"footnotes":""},"_links":{"self":[{"href":"https:\/\/la.sv-dodenhausen.de\/index.php?rest_route=\/wp\/v2\/pages\/24"}],"collection":[{"href":"https:\/\/la.sv-dodenhausen.de\/index.php?rest_route=\/wp\/v2\/pages"}],"about":[{"href":"https:\/\/la.sv-dodenhausen.de\/index.php?rest_route=\/wp\/v2\/types\/page"}],"author":[{"embeddable":true,"href":"https:\/\/la.sv-dodenhausen.de\/index.php?rest_route=\/wp\/v2\/users\/1"}],"replies":[{"embeddable":true,"href":"https:\/\/la.sv-dodenhausen.de\/index.php?rest_route=%2Fwp%2Fv2%2Fcomments&post=24"}],"version-history":[{"count":1,"href":"https:\/\/la.sv-dodenhausen.de\/index.php?rest_route=\/wp\/v2\/pages\/24\/revisions"}],"predecessor-version":[{"id":7798,"href":"https:\/\/la.sv-dodenhausen.de\/index.php?rest_route=\/wp\/v2\/pages\/24\/revisions\/7798"}],"up":[{"embeddable":true,"href":"https:\/\/la.sv-dodenhausen.de\/index.php?rest_route=\/wp\/v2\/pages\/20"}],"wp:attachment":[{"href":"https:\/\/la.sv-dodenhausen.de\/index.php?rest_route=%2Fwp%2Fv2%2Fmedia&parent=24"}],"curies":[{"name":"wp","href":"https:\/\/api.w.org\/{rel}","templated":true}]}}