{"id":586,"date":"2010-01-27T14:38:51","date_gmt":"2010-01-27T12:38:51","guid":{"rendered":"http:\/\/la.sv-dodenhausen.de\/?page_id=586"},"modified":"2024-02-10T21:55:44","modified_gmt":"2024-02-10T19:55:44","slug":"haftungsausschuss","status":"publish","type":"page","link":"https:\/\/la.sv-dodenhausen.de\/?page_id=586","title":{"rendered":"Haftungsausschluss"},"content":{"rendered":"<p>Wir schlie\u00dfen unsere Haftung f\u00fcr einfache fahrl\u00e4ssige Pflichtverletzungen aus, sofern diese keine vertragswesentlichen Pflichten oder Sch\u00e4den aufgrund einer Verletzung des Lebens , des K\u00f6rpers oder der Gesundheit betreffen. Gleiches gilt f\u00fcr Pflichtverletzungen unserer Erf\u00fcllungsgehilfen<\/p>\n<p>Teilnahmeberechtigt an den Veranstaltungen des Kellerwald 3-Berge-Laufs ist jeder, der ausreichend trainiert ist, gesundheitlich fit ist und f\u00fcr den langen Lauf mindestens die Berechtigung f\u00fcr die Hauptklasse M\/W HKL hat. Eine Vereinszugeh\u00f6rigkeit ist nicht erforderlich. Das Mitf\u00fchren von Hunden ist wegen der Wildgef\u00e4hrdung untersagt.<\/p>\n<p>Haftungsausschluss: Mit der Abgabe der Meldung erkl\u00e4ren die Teilnehmer: Ich habe f\u00fcr die Teilnahme an diesem Wettbewerb ausreichend trainiert, bin k\u00f6rperlich gesund und mein Gesundheitszustand wird \u00e4rztlich best\u00e4tigt.<\/p>\n<p>Datenschutz:<\/p>\n<p style=\"text-align: justify;\">Mit der Anmeldung zeigt sich der Teilnehmer einverstanden, dass die von ihm im Zusammenhang mit der Teilnahme gemachten Fotos, Filmaufnahmen und Interviews in den Medien ohne Verg\u00fctungsanspruch f\u00fcr ihn seitens des Veranstalters genutzt, verbreitet und ver\u00f6ffentlicht werden d\u00fcrfen.<\/p>\n<p style=\"text-align: justify;\">Des Weiteren best\u00e4tigt der Teilnehmer die Richtigkeit aller von ihm angegebenen Daten und stimmt einer Ver\u00f6ffentlichung seines Namens, Geburtsjahres und Vereins\/Ortes in den Ergebnislisten sowie im Rahmen der Berichterstattung zu.<\/p>\n<p style=\"text-align: justify;\">Ist der Teilnehmer mit der Speicherung, Nutzung, Weitergabe oder der Ver\u00f6ffentlichung seiner personenbezogenen Daten gem. den o.a. Abs\u00e4tzen nicht einverstanden, muss er dies auf dem Anmeldevordruck entsprechend vermerken.<\/p>\n<p>Ich versichere, dass mein genanntes Geburtsjahr richtig ist und dass ich meine Startnummer an keine andere Person weitergeben werde. Mir ist bekannt, dass ich disqualifiziert werde, wenn ich die offizielle Strecke verlasse oder die Startnummer in irgendeiner Weise ver\u00e4ndere. Bei Nichtantreten, Ausfall der Sportveranstaltung oder Unterbrechung durch h\u00f6here Gewalt habe ich keinen Anspruch auf R\u00fcckerstattung der Organisationsgeb\u00fchr.<\/p>\n","protected":false},"excerpt":{"rendered":"<p>Wir schlie\u00dfen unsere Haftung f\u00fcr einfache fahrl\u00e4ssige Pflichtverletzungen aus, sofern diese keine vertragswesentlichen Pflichten oder Sch\u00e4den aufgrund einer Verletzung des Lebens , des K\u00f6rpers oder der Gesundheit betreffen. Gleiches gilt f\u00fcr Pflichtverletzungen unserer Erf\u00fcllungsgehilfen Teilnahmeberechtigt an den Veranstaltungen des Kellerwald [&hellip;]<\/p>\n","protected":false},"author":1,"featured_media":0,"parent":20,"menu_order":5,"comment_status":"closed","ping_status":"closed","template":"","meta":{"ngg_post_thumbnail":0,"footnotes":""},"_links":{"self":[{"href":"https:\/\/la.sv-dodenhausen.de\/index.php?rest_route=\/wp\/v2\/pages\/586"}],"collection":[{"href":"https:\/\/la.sv-dodenhausen.de\/index.php?rest_route=\/wp\/v2\/pages"}],"about":[{"href":"https:\/\/la.sv-dodenhausen.de\/index.php?rest_route=\/wp\/v2\/types\/page"}],"author":[{"embeddable":true,"href":"https:\/\/la.sv-dodenhausen.de\/index.php?rest_route=\/wp\/v2\/users\/1"}],"replies":[{"embeddable":true,"href":"https:\/\/la.sv-dodenhausen.de\/index.php?rest_route=%2Fwp%2Fv2%2Fcomments&post=586"}],"version-history":[{"count":5,"href":"https:\/\/la.sv-dodenhausen.de\/index.php?rest_route=\/wp\/v2\/pages\/586\/revisions"}],"predecessor-version":[{"id":7822,"href":"https:\/\/la.sv-dodenhausen.de\/index.php?rest_route=\/wp\/v2\/pages\/586\/revisions\/7822"}],"up":[{"embeddable":true,"href":"https:\/\/la.sv-dodenhausen.de\/index.php?rest_route=\/wp\/v2\/pages\/20"}],"wp:attachment":[{"href":"https:\/\/la.sv-dodenhausen.de\/index.php?rest_route=%2Fwp%2Fv2%2Fmedia&parent=586"}],"curies":[{"name":"wp","href":"https:\/\/api.w.org\/{rel}","templated":true}]}}