{"id":8,"date":"2009-06-08T11:53:46","date_gmt":"2009-06-08T09:53:46","guid":{"rendered":"http:\/\/la.sv-dodenhausen.de\/?page_id=8"},"modified":"2010-04-05T11:43:09","modified_gmt":"2010-04-05T09:43:09","slug":"laufer","status":"publish","type":"page","link":"https:\/\/la.sv-dodenhausen.de\/?page_id=8","title":{"rendered":"L\u00e4ufer Portr\u00e4ts"},"content":{"rendered":"<p>Auf den Subseiten befinden sich die Portr\u00e4ts der L\u00e4ufer des SV Dodenhausen, nach der Idee von <a href=\"http:\/\/www.ulischalk.de\" target=\"_blank\">Uli Schalk<\/a>.<\/p>\n","protected":false},"excerpt":{"rendered":"<p>Auf den Subseiten befinden sich die Portr\u00e4ts der L\u00e4ufer des SV Dodenhausen, nach der Idee von Uli Schalk.<\/p>\n","protected":false},"author":1,"featured_media":0,"parent":0,"menu_order":0,"comment_status":"closed","ping_status":"closed","template":"","meta":{"ngg_post_thumbnail":0,"footnotes":""},"_links":{"self":[{"href":"https:\/\/la.sv-dodenhausen.de\/index.php?rest_route=\/wp\/v2\/pages\/8"}],"collection":[{"href":"https:\/\/la.sv-dodenhausen.de\/index.php?rest_route=\/wp\/v2\/pages"}],"about":[{"href":"https:\/\/la.sv-dodenhausen.de\/index.php?rest_route=\/wp\/v2\/types\/page"}],"author":[{"embeddable":true,"href":"https:\/\/la.sv-dodenhausen.de\/index.php?rest_route=\/wp\/v2\/users\/1"}],"replies":[{"embeddable":true,"href":"https:\/\/la.sv-dodenhausen.de\/index.php?rest_route=%2Fwp%2Fv2%2Fcomments&post=8"}],"version-history":[{"count":0,"href":"https:\/\/la.sv-dodenhausen.de\/index.php?rest_route=\/wp\/v2\/pages\/8\/revisions"}],"wp:attachment":[{"href":"https:\/\/la.sv-dodenhausen.de\/index.php?rest_route=%2Fwp%2Fv2%2Fmedia&parent=8"}],"curies":[{"name":"wp","href":"https:\/\/api.w.org\/{rel}","templated":true}]}}